{"id":5415,"date":"2022-06-16T17:57:46","date_gmt":"2022-06-16T15:57:46","guid":{"rendered":"https:\/\/preprod.wisium.com\/?page_id=5415"},"modified":"2022-08-23T18:17:39","modified_gmt":"2022-08-23T16:17:39","slug":"noticias","status":"publish","type":"page","link":"https:\/\/www.an.adm.com\/pt-br\/noticias\/","title":{"rendered":"Not\u00edcias"},"content":{"rendered":"","protected":false},"excerpt":{"rendered":"","protected":false},"author":13,"featured_media":1917,"parent":0,"menu_order":0,"comment_status":"closed","ping_status":"closed","template":"","meta":{"_acf_changed":false,"footnotes":""},"class_list":["post-5415","page","type-page","status-publish","has-post-thumbnail","hentry"],"acf":[],"yoast_head":"<!-- This site is optimized with the Yoast SEO plugin v27.4 - https:\/\/yoast.com\/product\/yoast-seo-wordpress\/ -->\n<title>Not\u00edcias | ADM<\/title>\n<meta name=\"description\" content=\"A ADM \u00e9 uma marca l\u00edder internacional de neg\u00f3cios de pr\u00e9-mistura e servi\u00e7os firmes que pertence ao grupo ADM\" \/>\n<meta name=\"robots\" content=\"index, follow, max-snippet:-1, max-image-preview:large, max-video-preview:-1\" \/>\n<link rel=\"canonical\" href=\"https:\/\/www.an.adm.com\/pt-br\/noticias\/\" \/>\n<meta property=\"og:locale\" content=\"pt_BR\" \/>\n<meta property=\"og:type\" content=\"article\" \/>\n<meta property=\"og:title\" content=\"Not\u00edcias | ADM\" \/>\n<meta property=\"og:description\" content=\"A ADM \u00e9 uma marca l\u00edder internacional de neg\u00f3cios de pr\u00e9-mistura e servi\u00e7os firmes que pertence ao grupo ADM\" \/>\n<meta property=\"og:url\" content=\"https:\/\/www.an.adm.com\/pt-br\/noticias\/\" \/>\n<meta property=\"og:site_name\" content=\"ADM\" \/>\n<meta property=\"article:modified_time\" content=\"2022-08-23T16:17:39+00:00\" \/>\n<meta property=\"og:image\" content=\"https:\/\/www.an.adm.com\/wp-content\/uploads\/2021\/12\/william-moreland-8wWpDF4Av-Y-unsplash-scaled.jpg\" \/>\n\t<meta property=\"og:image:width\" content=\"2560\" \/>\n\t<meta property=\"og:image:height\" content=\"1920\" \/>\n\t<meta property=\"og:image:type\" content=\"image\/jpeg\" \/>\n<meta name=\"twitter:card\" content=\"summary_large_image\" \/>\n<script type=\"application\/ld+json\" class=\"yoast-schema-graph\">{\"@context\":\"https:\\\/\\\/schema.org\",\"@graph\":[{\"@type\":\"WebPage\",\"@id\":\"https:\\\/\\\/www.an.adm.com\\\/pt-br\\\/noticias\\\/\",\"url\":\"https:\\\/\\\/www.an.adm.com\\\/pt-br\\\/noticias\\\/\",\"name\":\"Not\u00edcias | ADM\",\"isPartOf\":{\"@id\":\"https:\\\/\\\/www.an.adm.com\\\/pt-br\\\/#website\"},\"primaryImageOfPage\":{\"@id\":\"https:\\\/\\\/www.an.adm.com\\\/pt-br\\\/noticias\\\/#primaryimage\"},\"image\":{\"@id\":\"https:\\\/\\\/www.an.adm.com\\\/pt-br\\\/noticias\\\/#primaryimage\"},\"thumbnailUrl\":\"https:\\\/\\\/www.an.adm.com\\\/wp-content\\\/uploads\\\/2021\\\/12\\\/william-moreland-8wWpDF4Av-Y-unsplash-scaled.jpg\",\"datePublished\":\"2022-06-16T15:57:46+00:00\",\"dateModified\":\"2022-08-23T16:17:39+00:00\",\"description\":\"A ADM \u00e9 uma marca l\u00edder internacional de neg\u00f3cios de pr\u00e9-mistura e servi\u00e7os firmes que pertence ao grupo ADM\",\"breadcrumb\":{\"@id\":\"https:\\\/\\\/www.an.adm.com\\\/pt-br\\\/noticias\\\/#breadcrumb\"},\"inLanguage\":\"pt-BR\",\"potentialAction\":[{\"@type\":\"ReadAction\",\"target\":[\"https:\\\/\\\/www.an.adm.com\\\/pt-br\\\/noticias\\\/\"]}]},{\"@type\":\"ImageObject\",\"inLanguage\":\"pt-BR\",\"@id\":\"https:\\\/\\\/www.an.adm.com\\\/pt-br\\\/noticias\\\/#primaryimage\",\"url\":\"https:\\\/\\\/www.an.adm.com\\\/wp-content\\\/uploads\\\/2021\\\/12\\\/william-moreland-8wWpDF4Av-Y-unsplash-scaled.jpg\",\"contentUrl\":\"https:\\\/\\\/www.an.adm.com\\\/wp-content\\\/uploads\\\/2021\\\/12\\\/william-moreland-8wWpDF4Av-Y-unsplash-scaled.jpg\",\"width\":2560,\"height\":1920,\"caption\":\"hen and chicken\"},{\"@type\":\"BreadcrumbList\",\"@id\":\"https:\\\/\\\/www.an.adm.com\\\/pt-br\\\/noticias\\\/#breadcrumb\",\"itemListElement\":[{\"@type\":\"ListItem\",\"position\":1,\"name\":\"Home\",\"item\":\"https:\\\/\\\/www.an.adm.com\\\/pt-br\\\/\"},{\"@type\":\"ListItem\",\"position\":2,\"name\":\"Not\u00edcias\"}]},{\"@type\":\"WebSite\",\"@id\":\"https:\\\/\\\/www.an.adm.com\\\/pt-br\\\/#website\",\"url\":\"https:\\\/\\\/www.an.adm.com\\\/pt-br\\\/\",\"name\":\"ADM\",\"description\":\"\",\"potentialAction\":[{\"@type\":\"SearchAction\",\"target\":{\"@type\":\"EntryPoint\",\"urlTemplate\":\"https:\\\/\\\/www.an.adm.com\\\/pt-br\\\/?s={search_term_string}\"},\"query-input\":{\"@type\":\"PropertyValueSpecification\",\"valueRequired\":true,\"valueName\":\"search_term_string\"}}],\"inLanguage\":\"pt-BR\"}]}<\/script>\n<!-- \/ Yoast SEO plugin. -->","yoast_head_json":{"title":"Not\u00edcias | ADM","description":"A ADM \u00e9 uma marca l\u00edder internacional de neg\u00f3cios de pr\u00e9-mistura e servi\u00e7os firmes que pertence ao grupo ADM","robots":{"index":"index","follow":"follow","max-snippet":"max-snippet:-1","max-image-preview":"max-image-preview:large","max-video-preview":"max-video-preview:-1"},"canonical":"https:\/\/www.an.adm.com\/pt-br\/noticias\/","og_locale":"pt_BR","og_type":"article","og_title":"Not\u00edcias | ADM","og_description":"A ADM \u00e9 uma marca l\u00edder internacional de neg\u00f3cios de pr\u00e9-mistura e servi\u00e7os firmes que pertence ao grupo ADM","og_url":"https:\/\/www.an.adm.com\/pt-br\/noticias\/","og_site_name":"ADM","article_modified_time":"2022-08-23T16:17:39+00:00","og_image":[{"width":2560,"height":1920,"url":"https:\/\/www.an.adm.com\/wp-content\/uploads\/2021\/12\/william-moreland-8wWpDF4Av-Y-unsplash-scaled.jpg","type":"image\/jpeg"}],"twitter_card":"summary_large_image","schema":{"@context":"https:\/\/schema.org","@graph":[{"@type":"WebPage","@id":"https:\/\/www.an.adm.com\/pt-br\/noticias\/","url":"https:\/\/www.an.adm.com\/pt-br\/noticias\/","name":"Not\u00edcias | ADM","isPartOf":{"@id":"https:\/\/www.an.adm.com\/pt-br\/#website"},"primaryImageOfPage":{"@id":"https:\/\/www.an.adm.com\/pt-br\/noticias\/#primaryimage"},"image":{"@id":"https:\/\/www.an.adm.com\/pt-br\/noticias\/#primaryimage"},"thumbnailUrl":"https:\/\/www.an.adm.com\/wp-content\/uploads\/2021\/12\/william-moreland-8wWpDF4Av-Y-unsplash-scaled.jpg","datePublished":"2022-06-16T15:57:46+00:00","dateModified":"2022-08-23T16:17:39+00:00","description":"A ADM \u00e9 uma marca l\u00edder internacional de neg\u00f3cios de pr\u00e9-mistura e servi\u00e7os firmes que pertence ao grupo ADM","breadcrumb":{"@id":"https:\/\/www.an.adm.com\/pt-br\/noticias\/#breadcrumb"},"inLanguage":"pt-BR","potentialAction":[{"@type":"ReadAction","target":["https:\/\/www.an.adm.com\/pt-br\/noticias\/"]}]},{"@type":"ImageObject","inLanguage":"pt-BR","@id":"https:\/\/www.an.adm.com\/pt-br\/noticias\/#primaryimage","url":"https:\/\/www.an.adm.com\/wp-content\/uploads\/2021\/12\/william-moreland-8wWpDF4Av-Y-unsplash-scaled.jpg","contentUrl":"https:\/\/www.an.adm.com\/wp-content\/uploads\/2021\/12\/william-moreland-8wWpDF4Av-Y-unsplash-scaled.jpg","width":2560,"height":1920,"caption":"hen and chicken"},{"@type":"BreadcrumbList","@id":"https:\/\/www.an.adm.com\/pt-br\/noticias\/#breadcrumb","itemListElement":[{"@type":"ListItem","position":1,"name":"Home","item":"https:\/\/www.an.adm.com\/pt-br\/"},{"@type":"ListItem","position":2,"name":"Not\u00edcias"}]},{"@type":"WebSite","@id":"https:\/\/www.an.adm.com\/pt-br\/#website","url":"https:\/\/www.an.adm.com\/pt-br\/","name":"ADM","description":"","potentialAction":[{"@type":"SearchAction","target":{"@type":"EntryPoint","urlTemplate":"https:\/\/www.an.adm.com\/pt-br\/?s={search_term_string}"},"query-input":{"@type":"PropertyValueSpecification","valueRequired":true,"valueName":"search_term_string"}}],"inLanguage":"pt-BR"}]}},"_links":{"self":[{"href":"https:\/\/www.an.adm.com\/pt-br\/wp-json\/wp\/v2\/pages\/5415","targetHints":{"allow":["GET"]}}],"collection":[{"href":"https:\/\/www.an.adm.com\/pt-br\/wp-json\/wp\/v2\/pages"}],"about":[{"href":"https:\/\/www.an.adm.com\/pt-br\/wp-json\/wp\/v2\/types\/page"}],"author":[{"embeddable":true,"href":"https:\/\/www.an.adm.com\/pt-br\/wp-json\/wp\/v2\/users\/13"}],"replies":[{"embeddable":true,"href":"https:\/\/www.an.adm.com\/pt-br\/wp-json\/wp\/v2\/comments?post=5415"}],"version-history":[{"count":2,"href":"https:\/\/www.an.adm.com\/pt-br\/wp-json\/wp\/v2\/pages\/5415\/revisions"}],"predecessor-version":[{"id":5417,"href":"https:\/\/www.an.adm.com\/pt-br\/wp-json\/wp\/v2\/pages\/5415\/revisions\/5417"}],"wp:featuredmedia":[{"embeddable":true,"href":"https:\/\/www.an.adm.com\/pt-br\/wp-json\/wp\/v2\/media\/1917"}],"wp:attachment":[{"href":"https:\/\/www.an.adm.com\/pt-br\/wp-json\/wp\/v2\/media?parent=5415"}],"curies":[{"name":"wp","href":"https:\/\/api.w.org\/{rel}","templated":true}]}}